{"id":226,"date":"2026-03-13T21:59:49","date_gmt":"2026-03-13T20:59:49","guid":{"rendered":"https:\/\/gamingfullsetup.com\/home-2\/"},"modified":"2026-03-26T14:58:33","modified_gmt":"2026-03-26T13:58:33","slug":"home-2","status":"publish","type":"page","link":"https:\/\/gamingfullsetup.com\/","title":{"rendered":"Home"},"content":{"rendered":"\n<div class=\"wp-block-uagb-container uagb-block-33914ddc alignfull uagb-is-root-container\"><div class=\"uagb-container-inner-blocks-wrap\">\n<div class=\"wp-block-uagb-info-box uagb-block-32540a6c uagb-infobox__content-wrap  uagb-infobox-icon-above-title uagb-infobox-image-valign-top\"><div class=\"uagb-ifb-content\"><div class=\"uagb-ifb-title-wrap\"><span class=\"uagb-ifb-title-prefix\">Votre \u00e9quipement gaming<\/span><h1 class=\"uagb-ifb-title\">Comparez et Choisissez le Meilleur Mat\u00e9riel Gaming<\/h1><\/div><p class=\"uagb-ifb-desc\">D\u00e9couvrez des guides, des tests et des comparatifs des meilleurs casques, claviers et souris pour PC, PS5 et Xbox.<\/p><div class=\"uagb-ifb-button-wrapper wp-block-button\"><a href=\"https:\/\/gamingfullsetup.com\/index.php\/blog\/\" class=\"uagb-infobox-cta-link wp-block-button__link\" target=\"_self\" rel=\"noopener noreferrer\" onclick=\"return true;\"><span class=\"uagb-inline-editing\">D\u00e9couvrez Maintenant<\/span><\/a><\/div><\/div><\/div>\n<\/div><\/div>\n\n\n\n<div class=\"wp-block-uagb-container uagb-block-5b740152 alignfull uagb-is-root-container\"><div class=\"uagb-container-inner-blocks-wrap\">\n<div class=\"wp-block-uagb-container uagb-block-590aa15a\">\n<div class=\"wp-block-uagb-info-box uagb-block-2359313e uagb-infobox__content-wrap  uagb-infobox-icon-above-title uagb-infobox-image-valign-top\"><div class=\"uagb-ifb-content\"><div class=\"uagb-ifb-title-wrap\"><span class=\"uagb-ifb-title-prefix\">Qui sommes-nous<\/span><h2 class=\"uagb-ifb-title\">Pr\u00e9sentation de Gaming Full Setup<\/h2><\/div><\/div><\/div>\n<\/div>\n\n\n\n<div class=\"wp-block-uagb-container uagb-block-6ec428b1\">\n<div class=\"wp-block-uagb-advanced-heading uagb-block-e30f7b91\"><h3 class=\"uagb-heading-text\">Gaming Full Setup est votre r\u00e9f\u00e9rence pour les tests et comparatifs de mat\u00e9riel gaming.<\/h3><p class=\"uagb-desc-text\">Nous proposons des analyses approfondies de casques, claviers, souris et accessoires. Notre \u00e9quipe d&rsquo;experts teste divers produits pour vous offrir des recommandations personnalis\u00e9es. L&rsquo;objectivit\u00e9 et la qualit\u00e9 sont nos priorit\u00e9s. Nous avons \u00e9t\u00e9 reconnus par des m\u00e9dias sp\u00e9cialis\u00e9s pour notre expertise et notre passion pour le gaming.<\/p><\/div>\n\n\n\n<div class=\"wp-block-uagb-buttons uagb-buttons__outer-wrap uagb-btn__default-btn uagb-btn-tablet__default-btn uagb-btn-mobile__default-btn uagb-block-dce11512\"><div class=\"uagb-buttons__wrap uagb-buttons-layout-wrap \">\n<div class=\"wp-block-uagb-buttons-child uagb-buttons__outer-wrap uagb-block-dccfa8bb wp-block-button\"><div class=\"uagb-button__wrapper\"><a class=\"uagb-buttons-repeater wp-block-button__link\" aria-label=\"\" href=\"#\" rel=\"follow noopener\" target=\"_self\" role=\"button\"><div class=\"uagb-button__link\">d\u00e9couvrez maintenant<\/div><\/a><\/div><\/div>\n<\/div><\/div>\n<\/div>\n<\/div><\/div>\n\n\n\n<div class=\"wp-block-uagb-container uagb-block-6524a66f alignfull uagb-is-root-container\"><div class=\"uagb-container-inner-blocks-wrap\">\n<div class=\"wp-block-uagb-info-box uagb-block-99aa96b3 uagb-infobox__content-wrap  uagb-infobox-icon-above-title uagb-infobox-image-valign-top\"><div class=\"uagb-ifb-content\"><div class=\"uagb-ifb-title-wrap\"><span class=\"uagb-ifb-title-prefix\">Nos services<\/span><h2 class=\"uagb-ifb-title\">Produits et Comparatifs de Qualit\u00e9<\/h2><\/div><p class=\"uagb-ifb-desc\">Nous testons et comparons une large gamme de mat\u00e9riel gaming.<\/p><\/div><\/div>\n\n\n\n<div class=\"wp-block-uagb-container uagb-block-a0a42333\">\n<div class=\"wp-block-uagb-container uagb-block-9abd22a4\">\n<div class=\"wp-block-uagb-advanced-heading uagb-block-769a552b\"><h2 class=\"uagb-heading-text\">01.<\/h2><div class=\"uagb-separator\"><\/div><\/div>\n\n\n\n<div class=\"wp-block-uagb-info-box uagb-block-d59c5b69 uagb-infobox__content-wrap  uagb-infobox-icon-above-title uagb-infobox-image-valign-top\"><div class=\"uagb-ifb-content\"><div class=\"uagb-ifb-title-wrap\"><h3 class=\"uagb-ifb-title\">Casques Gaming Performants<\/h3><\/div><p class=\"uagb-ifb-desc\">Testez des casques gaming offrant une qualit\u00e9 sonore exceptionnelle, un confort optimal et une durabilit\u00e9 \u00e0 toute \u00e9preuve.<\/p><div class=\"uagb-ifb-button-wrapper wp-block-button\"><a href=\"https:\/\/gamingfullsetup.com\/index.php\/meilleurs-casque-gaming-2026\/\" target=\"_self\" onclick=\"return true;\" class=\"uagb-infobox-cta-link\" rel=\"noopener noreferrer\"><span class=\"uagb-inline-editing\">   EN SAVOIR PLUS<\/span><\/a><\/div><\/div><\/div>\n<\/div>\n\n\n\n<div class=\"wp-block-uagb-container uagb-block-032d95fc\">\n<div class=\"wp-block-uagb-advanced-heading uagb-block-728f4cfc\"><h2 class=\"uagb-heading-text\">02.<\/h2><div class=\"uagb-separator\"><\/div><\/div>\n\n\n\n<div class=\"wp-block-uagb-info-box uagb-block-ef01bad9 uagb-infobox__content-wrap  uagb-infobox-icon-above-title uagb-infobox-image-valign-top\"><div class=\"uagb-ifb-content\"><div class=\"uagb-ifb-title-wrap\"><h3 class=\"uagb-ifb-title\"> Souris de Jeu<\/h3><\/div><p class=\"uagb-ifb-desc\">Explorez notre s\u00e9lection de  souris pour une exp\u00e9rience de jeu pr\u00e9cise et confortable.<\/p><div class=\"uagb-ifb-button-wrapper wp-block-button\"><a href=\"https:\/\/gamingfullsetup.com\/index.php\/meilleurs-souris-gaming-2026\/\" target=\"_self\" onclick=\"return true;\" class=\"uagb-infobox-cta-link\" rel=\"noopener noreferrer\"><span class=\"uagb-inline-editing\">  EN SAVOIR PLUS<\/span><\/a><\/div><\/div><\/div>\n<\/div>\n\n\n\n<div class=\"wp-block-uagb-container uagb-block-9c8fa577\">\n<div class=\"wp-block-uagb-advanced-heading uagb-block-cd560cd0\"><h2 class=\"uagb-heading-text\">03.<\/h2><div class=\"uagb-separator\"><\/div><\/div>\n\n\n\n<div class=\"wp-block-uagb-info-box uagb-block-0bb78aa6 uagb-infobox__content-wrap  uagb-infobox-icon-above-title uagb-infobox-image-valign-top\"><div class=\"uagb-ifb-content\"><div class=\"uagb-ifb-title-wrap\"><h3 class=\"uagb-ifb-title\">Claviers de Jeu Essentiels<\/h3><\/div><p class=\"uagb-ifb-desc\">Trouvez des clavier qui am\u00e9liorent votre confort et votre performance pendant les sessions de jeu.<\/p><div class=\"uagb-ifb-button-wrapper wp-block-button\"><a href=\"https:\/\/gamingfullsetup.com\/index.php\/meilleurs-claviers-gaming-2026\/\" target=\"_self\" onclick=\"return true;\" class=\"uagb-infobox-cta-link\" rel=\"noopener noreferrer\"><span class=\"uagb-inline-editing\">  EN SAVOIR PLUS<\/span><\/a><\/div><\/div><\/div>\n<\/div>\n<\/div>\n<\/div><\/div>\n\n\n\n<div class=\"wp-block-uagb-container uagb-block-23d0646f alignfull uagb-is-root-container\"><div class=\"uagb-container-inner-blocks-wrap\">\n<div class=\"wp-block-uagb-container uagb-block-7453ae49\">\n<div class=\"wp-block-uagb-counter uagb-block-7a505c88 wp-block-uagb-counter--number\"><div class=\"wp-block-uagb-counter__number\"><span class=\"uagb-counter-block-number\" data-duration=\"1.5\" data-to-value=\"92\" data-from-value=\"0\" data-delimiter=\",\"><\/span><span class=\"uagb-counter-block-suffix\">%<\/span><\/div><div class=\"wp-block-uagb-counter__title\">Satisfaction Client<\/div><\/div>\n<\/div>\n\n\n\n<div class=\"wp-block-uagb-container uagb-block-a2d43849\">\n<div class=\"wp-block-uagb-counter uagb-block-ead41114 wp-block-uagb-counter--number\"><div class=\"wp-block-uagb-counter__number\"><span class=\"uagb-counter-block-number\" data-duration=\"1.5\" data-to-value=\"25\" data-from-value=\"0\" data-delimiter=\",\"><\/span><span class=\"uagb-counter-block-suffix\">+<\/span><\/div><div class=\"wp-block-uagb-counter__title\">Membres de l&rsquo;\u00e9quipe<\/div><\/div>\n<\/div>\n\n\n\n<div class=\"wp-block-uagb-container uagb-block-097966ea\">\n<div class=\"wp-block-uagb-counter uagb-block-eb69c34f wp-block-uagb-counter--number\"><div class=\"wp-block-uagb-counter__number\"><span class=\"uagb-counter-block-number\" data-duration=\"1.5\" data-to-value=\"12\" data-from-value=\"0\" data-delimiter=\",\"><\/span><span class=\"uagb-counter-block-suffix\">+<\/span><\/div><div class=\"wp-block-uagb-counter__title\">Ann\u00e9es d&rsquo;exp\u00e9rience<\/div><\/div>\n<\/div>\n\n\n\n<div class=\"wp-block-uagb-container uagb-block-bd62307c\">\n<div class=\"wp-block-uagb-counter uagb-block-5a657ec5 wp-block-uagb-counter--number\"><div class=\"wp-block-uagb-counter__number\"><span class=\"uagb-counter-block-number\" data-duration=\"1.5\" data-to-value=\"5\" data-from-value=\"0\" data-delimiter=\",\"><\/span><span class=\"uagb-counter-block-suffix\">+<\/span><\/div><div class=\"wp-block-uagb-counter__title\">Prix Mondiaux<\/div><\/div>\n<\/div>\n<\/div><\/div>\n\n\n\n<div class=\"wp-block-uagb-container uagb-block-c61f515b alignfull uagb-is-root-container\">\n<div class=\"wp-block-uagb-container uagb-block-b88a5352\">\n<div class=\"wp-block-uagb-info-box uagb-block-089a5fbd uagb-infobox__content-wrap  uagb-infobox-icon-above-title uagb-infobox-image-valign-top\"><div class=\"uagb-ifb-content\"><div class=\"uagb-ifb-title-wrap\"><span class=\"uagb-ifb-title-prefix\">Notre histoire<\/span><h2 class=\"uagb-ifb-title\">L&rsquo;\u00e9volution de Gaming Full Setup<\/h2><\/div><p class=\"uagb-ifb-desc\">Depuis notre lancement, Gaming Full Setup s&rsquo;est engag\u00e9 \u00e0 fournir des informations fiables et \u00e0 jour sur le mat\u00e9riel gaming. Gr\u00e2ce \u00e0 notre passion et \u00e0 notre expertise, nous avons gagn\u00e9 la confiance de nombreux gamers, devenant une r\u00e9f\u00e9rence dans le domaine des comparatifs et avis. Chaque produit que nous testons fait l&rsquo;objet d&rsquo;une \u00e9valuation rigoureuse pour assurer la satisfaction de nos utilisateurs.<\/p><div class=\"uagb-ifb-button-wrapper wp-block-button\"><a href=\"about\/\" class=\"uagb-infobox-cta-link wp-block-button__link\" target=\"_self\" rel=\"noopener noreferrer\" onclick=\"return true;\"><span class=\"uagb-inline-editing\">EN SAVOIR PLUS<\/span><\/a><\/div><\/div><\/div>\n<\/div>\n<\/div>\n\n\n\n<div class=\"wp-block-uagb-container uagb-block-7e6769fe alignfull uagb-is-root-container\"><div class=\"uagb-container-inner-blocks-wrap\">\n<div class=\"wp-block-uagb-info-box uagb-block-df560f93 uagb-infobox__content-wrap  uagb-infobox-icon-above-title uagb-infobox-image-valign-top\"><div class=\"uagb-ifb-content\"><div class=\"uagb-ifb-title-wrap\"><span class=\"uagb-ifb-title-prefix\">Avis de clients<\/span><h2 class=\"uagb-ifb-title\">Ce que nos utilisateurs en pensent<\/h2><\/div><p class=\"uagb-ifb-desc\">D\u00e9couvrez les retours des gamers satisfaits de nos tests et comparatifs.<\/p><\/div><\/div>\n\n\n\n<div class=\"wp-block-uagb-container uagb-block-6700b253\">\n<div class=\"wp-block-uagb-container uagb-block-37d6e4c7\">\n<div class=\"wp-block-uagb-info-box uagb-block-f9b5cf3a uagb-infobox__content-wrap  uagb-infobox-icon-left uagb-infobox-left uagb-infobox-stacked-tablet uagb-infobox-image-valign-top\"><div class=\"uagb-ifb-image-content\"><img decoding=\"async\" src=\"https:\/\/gamingfullsetup.com\/wp-content\/uploads\/2024\/02\/testimonial-skip-01.jpg\" alt=\"\" width=\"74\" height=\"74\" loading=\"lazy\"\/><\/div><div class=\"uagb-ifb-content\"><div class=\"uagb-ifb-title-wrap\"><span class=\"uagb-ifb-title-prefix\">Le test des casques a vraiment am\u00e9lior\u00e9 mon exp\u00e9rience de jeu. Je recommande vivement ce site pour leurs comparatifs pr\u00e9cis.<\/span><p class=\"uagb-ifb-title\">Lucas Martin<\/p><\/div><\/div><\/div>\n<\/div>\n\n\n\n<div class=\"wp-block-uagb-container uagb-block-80ef6ada\">\n<div class=\"wp-block-uagb-info-box uagb-block-ac698830 uagb-infobox__content-wrap  uagb-infobox-icon-left uagb-infobox-left uagb-infobox-stacked-tablet uagb-infobox-image-valign-top\"><div class=\"uagb-ifb-image-content\"><img decoding=\"async\" src=\"https:\/\/gamingfullsetup.com\/wp-content\/uploads\/2024\/02\/testimonial-skip-02.jpg\" alt=\"\" width=\"74\" height=\"74\" loading=\"lazy\"\/><\/div><div class=\"uagb-ifb-content\"><div class=\"uagb-ifb-title-wrap\"><span class=\"uagb-ifb-title-prefix\">J&rsquo;ai trouv\u00e9 le clavier parfait gr\u00e2ce \u00e0 Gaming Full Setup. Les comparatifs m&rsquo;ont vraiment aid\u00e9 \u00e0 choisir.<\/span><p class=\"uagb-ifb-title\">Marie Dupont<\/p><\/div><\/div><\/div>\n<\/div>\n<\/div>\n\n\n\n<div class=\"wp-block-uagb-container uagb-block-2257c642\">\n<div class=\"wp-block-uagb-container uagb-block-45ad2bf2\">\n<div class=\"wp-block-uagb-info-box uagb-block-a3e49a74 uagb-infobox__content-wrap  uagb-infobox-icon-left uagb-infobox-left uagb-infobox-stacked-tablet uagb-infobox-image-valign-top\"><div class=\"uagb-ifb-image-content\"><img decoding=\"async\" src=\"https:\/\/gamingfullsetup.com\/wp-content\/uploads\/2024\/02\/testimonial-skip-03.jpg\" alt=\"\" width=\"74\" height=\"74\" loading=\"lazy\"\/><\/div><div class=\"uagb-ifb-content\"><div class=\"uagb-ifb-title-wrap\"><span class=\"uagb-ifb-title-prefix\">Les tests de souris et d&rsquo;accessoires sont tr\u00e8s utiles. Je ne fais plus d&rsquo;achat sans consulter leurs conseils.<\/span><p class=\"uagb-ifb-title\">David Lefevre<\/p><\/div><\/div><\/div>\n<\/div>\n\n\n\n<div class=\"wp-block-uagb-container uagb-block-c7e41ea7\">\n<div class=\"wp-block-uagb-info-box uagb-block-4744f425 uagb-infobox__content-wrap  uagb-infobox-icon-left uagb-infobox-left uagb-infobox-stacked-tablet uagb-infobox-image-valign-top\"><div class=\"uagb-ifb-image-content\"><img decoding=\"async\" src=\"https:\/\/gamingfullsetup.com\/wp-content\/uploads\/2024\/02\/testimonial-skip-04.jpg\" alt=\"\" width=\"74\" height=\"74\" loading=\"lazy\"\/><\/div><div class=\"uagb-ifb-content\"><div class=\"uagb-ifb-title-wrap\"><span class=\"uagb-ifb-title-prefix\">Une ressource incroyable pour tous les fans de gaming. Les articles sont bien \u00e9crits et tr\u00e8s informatifs.<\/span><p class=\"uagb-ifb-title\">mat Moreau<\/p><\/div><\/div><\/div>\n<\/div>\n<\/div>\n<\/div><\/div>\n\n\n\n<div class=\"wp-block-uagb-container uagb-block-2f326697 alignfull uagb-is-root-container\"><div class=\"uagb-container-inner-blocks-wrap\">\n<div class=\"wp-block-uagb-info-box uagb-block-76ceb716 uagb-infobox__content-wrap  uagb-infobox-icon-above-title uagb-infobox-image-valign-top\"><div class=\"uagb-ifb-content\"><div class=\"uagb-ifb-title-wrap\"><span class=\"uagb-ifb-title-prefix\">Pourquoi nous choisir<\/span><h2 class=\"uagb-ifb-title\">Notre engagement envers les gamers<\/h2><\/div><p class=\"uagb-ifb-desc\">Des conseils experts pour un \u00e9quipement gaming optimal adapt\u00e9 \u00e0 vos besoins.<\/p><\/div><\/div>\n\n\n\n<div class=\"wp-block-uagb-image alignleft uagb-block-3c7a7974 wp-block-uagb-image--layout-default wp-block-uagb-image--effect-static wp-block-uagb-image--align-left\"><figure class=\"wp-block-uagb-image__figure\"><img decoding=\"async\" srcset=\"https:\/\/gamingfullsetup.com\/wp-content\/uploads\/2026\/03\/pexels-photo-3165335.jpeg ,https:\/\/gamingfullsetup.com\/wp-content\/uploads\/2026\/03\/pexels-photo-3165335.jpeg 780w, https:\/\/gamingfullsetup.com\/wp-content\/uploads\/2026\/03\/pexels-photo-3165335.jpeg 360w\" sizes=\"auto, (max-width: 480px) 150px\" src=\"https:\/\/gamingfullsetup.com\/wp-content\/uploads\/2026\/03\/pexels-photo-3165335.jpeg\" alt=\"Colorful flat lay of gaming gear including headset, controller, and keyboard under vibrant lighting.\" class=\"uag-image-32\" width=\"1200\" height=\"450\" title=\"\" loading=\"lazy\" role=\"img\"\/><\/figure><\/div>\n\n\n\n<div class=\"wp-block-uagb-container uagb-block-84e181c4\">\n<div class=\"wp-block-uagb-info-box uagb-block-4bbc11b0 uagb-infobox__content-wrap  uagb-infobox-icon-above-title uagb-infobox-image-valign-top\"><div class=\"uagb-ifb-content\"><div class=\"uagb-ifb-title-wrap\"><span class=\"uagb-ifb-title-prefix\">01<\/span><h3 class=\"uagb-ifb-title\">Tests approfondis<\/h3><\/div><p class=\"uagb-ifb-desc\">Nous analysons chaque produit pour vous offrir des avis honn\u00eates et d\u00e9taill\u00e9s.<\/p><\/div><\/div>\n\n\n\n<div class=\"wp-block-uagb-info-box uagb-block-e039f349 uagb-infobox__content-wrap  uagb-infobox-icon-above-title uagb-infobox-image-valign-top\"><div class=\"uagb-ifb-content\"><div class=\"uagb-ifb-title-wrap\"><span class=\"uagb-ifb-title-prefix\">02<\/span><h3 class=\"uagb-ifb-title\">Comparatifs transparents<\/h3><\/div><p class=\"uagb-ifb-desc\">Nos comparatifs clairs vous aident \u00e0 prendre des d\u00e9cisions \u00e9clair\u00e9es avant vos achats.<\/p><\/div><\/div>\n\n\n\n<div class=\"wp-block-uagb-info-box uagb-block-8ff54d31 uagb-infobox__content-wrap  uagb-infobox-icon-above-title uagb-infobox-image-valign-top\"><div class=\"uagb-ifb-content\"><div class=\"uagb-ifb-title-wrap\"><span class=\"uagb-ifb-title-prefix\">03<\/span><h3 class=\"uagb-ifb-title\">Expertise passionn\u00e9e<\/h3><\/div><p class=\"uagb-ifb-desc\">Notre \u00e9quipe est compos\u00e9e de gamers passionn\u00e9s, pr\u00eats \u00e0 partager leurs connaissances.<\/p><\/div><\/div>\n<\/div>\n<\/div><\/div>\n\n\n\n<div class=\"wp-block-uagb-container uagb-block-b684870f alignfull uagb-is-root-container\"><div class=\"uagb-container-inner-blocks-wrap\">\n<div class=\"wp-block-uagb-info-box uagb-block-f83a47d8 uagb-infobox__content-wrap  uagb-infobox-icon-above-title uagb-infobox-image-valign-top\"><div class=\"uagb-ifb-content\"><div class=\"uagb-ifb-title-wrap\"><span class=\"uagb-ifb-title-prefix\">Pr\u00eat \u00e0 jouer?<\/span><h2 class=\"uagb-ifb-title\">Ne manquez pas la meilleure \u00e9quipement gaming aujourd&rsquo;hui!<\/h2><\/div><p class=\"uagb-ifb-desc\">Visitez notre site pour des conseils d&rsquo;experts et des comparatifs qui vous guideront dans vos choix.<\/p><div class=\"uagb-ifb-button-wrapper wp-block-button\"><a href=\"https:\/\/gamingfullsetup.com\/index.php\/blog\/\" class=\"uagb-infobox-cta-link wp-block-button__link\" target=\"_self\" rel=\"noopener noreferrer\" onclick=\"return true;\"><span class=\"uagb-inline-editing\">D\u00e9couvrez Mainte<\/span><\/a><\/div><\/div><\/div>\n<\/div><\/div>\n\n\n\n<p><\/p>\n","protected":false},"excerpt":{"rendered":"<p>Gaming Full Setup est votre r\u00e9f\u00e9rence pour les tests et comparatifs de mat\u00e9riel gaming. Nous proposons des analyses approfondies de [&hellip;]<\/p>\n","protected":false},"author":1,"featured_media":0,"parent":0,"menu_order":0,"comment_status":"closed","ping_status":"closed","template":"","meta":{"_uag_custom_page_level_css":"","site-sidebar-layout":"default","site-content-layout":"","ast-site-content-layout":"default","site-content-style":"default","site-sidebar-style":"default","ast-global-header-display":"","ast-banner-title-visibility":"","ast-main-header-display":"","ast-hfb-above-header-display":"","ast-hfb-below-header-display":"","ast-hfb-mobile-header-display":"","site-post-title":"disabled","ast-breadcrumbs-content":"","ast-featured-img":"","footer-sml-layout":"","ast-disable-related-posts":"","theme-transparent-header-meta":"enabled","adv-header-id-meta":"","stick-header-meta":"","header-above-stick-meta":"","header-main-stick-meta":"","header-below-stick-meta":"","astra-migrate-meta-layouts":"default","ast-page-background-enabled":"default","ast-page-background-meta":{"desktop":{"background-color":"var(--ast-global-color-4)","background-image":"","background-repeat":"repeat","background-position":"center center","background-size":"auto","background-attachment":"scroll","background-type":"","background-media":"","overlay-type":"","overlay-color":"","overlay-opacity":"","overlay-gradient":""},"tablet":{"background-color":"","background-image":"","background-repeat":"repeat","background-position":"center center","background-size":"auto","background-attachment":"scroll","background-type":"","background-media":"","overlay-type":"","overlay-color":"","overlay-opacity":"","overlay-gradient":""},"mobile":{"background-color":"","background-image":"","background-repeat":"repeat","background-position":"center center","background-size":"auto","background-attachment":"scroll","background-type":"","background-media":"","overlay-type":"","overlay-color":"","overlay-opacity":"","overlay-gradient":""}},"ast-content-background-meta":{"desktop":{"background-color":"var(--ast-global-color-5)","background-image":"","background-repeat":"repeat","background-position":"center center","background-size":"auto","background-attachment":"scroll","background-type":"","background-media":"","overlay-type":"","overlay-color":"","overlay-opacity":"","overlay-gradient":""},"tablet":{"background-color":"var(--ast-global-color-5)","background-image":"","background-repeat":"repeat","background-position":"center center","background-size":"auto","background-attachment":"scroll","background-type":"","background-media":"","overlay-type":"","overlay-color":"","overlay-opacity":"","overlay-gradient":""},"mobile":{"background-color":"var(--ast-global-color-5)","background-image":"","background-repeat":"repeat","background-position":"center center","background-size":"auto","background-attachment":"scroll","background-type":"","background-media":"","overlay-type":"","overlay-color":"","overlay-opacity":"","overlay-gradient":""}},"footnotes":""},"class_list":["post-226","page","type-page","status-publish","hentry"],"uagb_featured_image_src":{"full":false,"thumbnail":false,"medium":false,"medium_large":false,"large":false,"1536x1536":false,"2048x2048":false},"uagb_author_info":{"display_name":"yohannstaff","author_link":"https:\/\/gamingfullsetup.com\/index.php\/author\/yohannstaff\/"},"uagb_comment_info":0,"uagb_excerpt":"Gaming Full Setup est votre r\u00e9f\u00e9rence pour les tests et comparatifs de mat\u00e9riel gaming. Nous proposons des analyses approfondies de [&hellip;]","_links":{"self":[{"href":"https:\/\/gamingfullsetup.com\/index.php\/wp-json\/wp\/v2\/pages\/226","targetHints":{"allow":["GET"]}}],"collection":[{"href":"https:\/\/gamingfullsetup.com\/index.php\/wp-json\/wp\/v2\/pages"}],"about":[{"href":"https:\/\/gamingfullsetup.com\/index.php\/wp-json\/wp\/v2\/types\/page"}],"author":[{"embeddable":true,"href":"https:\/\/gamingfullsetup.com\/index.php\/wp-json\/wp\/v2\/users\/1"}],"replies":[{"embeddable":true,"href":"https:\/\/gamingfullsetup.com\/index.php\/wp-json\/wp\/v2\/comments?post=226"}],"version-history":[{"count":12,"href":"https:\/\/gamingfullsetup.com\/index.php\/wp-json\/wp\/v2\/pages\/226\/revisions"}],"predecessor-version":[{"id":668,"href":"https:\/\/gamingfullsetup.com\/index.php\/wp-json\/wp\/v2\/pages\/226\/revisions\/668"}],"wp:attachment":[{"href":"https:\/\/gamingfullsetup.com\/index.php\/wp-json\/wp\/v2\/media?parent=226"}],"curies":[{"name":"wp","href":"https:\/\/api.w.org\/{rel}","templated":true}]}}